{"id":191,"date":"2024-09-06T14:06:29","date_gmt":"2024-09-06T12:06:29","guid":{"rendered":"https:\/\/bvc.akimedia.eu\/events-coverage\/"},"modified":"2025-08-06T16:35:08","modified_gmt":"2025-08-06T14:35:08","slug":"events-coverage","status":"publish","type":"page","link":"https:\/\/brusselsvideocrew.com\/fr\/events-coverage\/","title":{"rendered":"Couverture d\u2019\u00e9v\u00e9nement"},"content":{"rendered":"<div class=\"wpb-content-wrapper\"><p>[vc_row content_placement=&#8221;bottom&#8221; el_class=&#8221;right-decalage js-sub-page block-margin-bottom&#8221;][vc_column width=&#8221;1\/2&#8243;]<div class=\"sm-mb3 md-mb0 \" id=\"\" ><div class=\"video-play js-video-item\" data-video-link=\"https:\/\/bvc.akimedia.eu\/wp-content\/uploads\/2025\/01\/BVC-Web2024-Aftermovie-V2_COMPR.mp4\"><img decoding=\"async\" class=\"thumb-video\" src=\"https:\/\/brusselsvideocrew.com\/wp-content\/uploads\/2025\/01\/Vignette-Aftermovie.png\" \/><\/div><\/div>[\/vc_column][vc_column width=&#8221;1\/2&#8243;][vc_column_text el_class=&#8221;js-content-apparition&#8221;]<\/p>\n<h2>After-Movie<\/h2>\n<div>\n<p><span lang=\"FR-BE\">Partagez les <strong>temps forts<\/strong> et les moments cl\u00e9s de votre \u00e9v\u00e9nement sur les <strong>m\u00e9dias sociaux<\/strong>. Capturez <strong>l\u2019atmosph\u00e8re vibrante<\/strong> gr\u00e2ce \u00e0 des s\u00e9quences \u00e9poustouflantes, combin\u00e9es \u00e0 des <strong>interviews<\/strong> et des r\u00e9actions spontan\u00e9es.<\/span><\/p>\n<p>Montrez ce qui rend votre <strong>\u00e9v\u00e9nement si unique<\/strong> tout en incitant d\u2019autres personnes \u00e0 participer \u00e0 la prochaine \u00e9dition.<\/p>\n<\/div>\n<p>[\/vc_column_text][\/vc_column][\/vc_row][vc_row content_placement=&#8221;bottom&#8221; el_class=&#8221;left-decalage js-sub-page block-margin-bottom&#8221;][vc_column width=&#8221;1\/2&#8243; el_class=&#8221;js-content-apparition&#8221;][vc_column_text]<\/p>\n<h2 style=\"text-align: right;\">Live streaming<\/h2>\n<div>\n<div>\n<p style=\"text-align: right;\"><span lang=\"FR-BE\">Partagez votre \u00e9v\u00e9nement sur vos <strong>plateformes pr\u00e9f\u00e9r\u00e9es<\/strong> en toute facilit\u00e9.<\/span><\/p>\n<p style=\"text-align: right;\"><span lang=\"FR-BE\"> Int\u00e9grez des pr\u00e9sentations PowerPoint, des vid\u00e9os pr\u00e9enregistr\u00e9es et des outils interactifs tels que des sondages ou des sessions de questions-r\u00e9ponses. <\/span><\/p>\n<p style=\"text-align: right;\"><span lang=\"FR-BE\">Faites appel \u00e0 des <strong>orateurs \u00e0 distance<\/strong>, proposez des flux multilingues et <strong>personnalisez les titres et les transitions<\/strong> pour qu\u2019ils correspondent \u00e0 votre image de marque.<\/span><\/p>\n<\/div>\n<\/div>\n<p>[\/vc_column_text][\/vc_column][vc_column width=&#8221;1\/2&#8243;]<div class=\"sm-mb3 md-mb0 \" id=\"\" ><div class=\"video-play js-video-item\" data-video-link=\"https:\/\/bvc.akimedia.eu\/wp-content\/uploads\/2024\/10\/brusselsvideocrew_-_live_streaming_services-1080p.mp4\"><img decoding=\"async\" class=\"thumb-video\" src=\"https:\/\/brusselsvideocrew.com\/wp-content\/uploads\/2024\/10\/Screenshot-2024-10-31-at-14.24.22.png\" \/><\/div><\/div>[\/vc_column][\/vc_row][vc_row content_placement=&#8221;bottom&#8221; el_class=&#8221;right-decalage js-sub-page block-margin-bottom&#8221;][vc_column width=&#8221;1\/2&#8243;]<div class=\"sm-mb3 md-mb0 \" id=\"\" ><div class=\"video-play js-video-item\" data-video-link=\"https:\/\/bvc.akimedia.eu\/wp-content\/uploads\/2024\/12\/BVC-Web2024_Conference-V2_COMPR.mp4\"><img decoding=\"async\" class=\"thumb-video\" src=\"https:\/\/brusselsvideocrew.com\/wp-content\/uploads\/2024\/12\/Screenshot-2024-12-17-at-15.55.22.png\" \/><\/div><\/div>[\/vc_column][vc_column width=&#8221;1\/2&#8243; el_class=&#8221;js-content-apparition&#8221;][vc_column_text]<\/p>\n<h2>Enregistrement de conf\u00e9rences<\/h2>\n<p style=\"font-weight: 400;\"><strong>Les pr\u00e9sentations et discours<\/strong> constituent souvent le c\u0153ur d\u2019un \u00e9v\u00e9nement.<\/p>\n<p style=\"font-weight: 400;\">Partagez-les avec celles et ceux qui n\u2019ont pas pu y assister ou conservez-les pour un usage ult\u00e9rieur.<\/p>\n<p style=\"font-weight: 400;\">Nous utilisons <strong>plusieurs cam\u00e9ras<\/strong> et int\u00e9grons des <strong>diapositives<\/strong>, des<strong> titre<\/strong>s et d\u2019autres m\u00e9dias dans des vid\u00e9os finales soign\u00e9es, pr\u00eates \u00e0 \u00eatre partag\u00e9es ou archiv\u00e9es.<\/p>\n<p>[\/vc_column_text][\/vc_column][\/vc_row]<\/p>\n<\/div>","protected":false},"excerpt":{"rendered":"[vc_row content_placement=&#8221;bottom&#8221; el_class=&#8221;right-decalage js-sub-page block-margin-bottom&#8221;][vc_column width=&#8221;1\/2&#8243;][\/vc_column][vc_column width=&#8221;1\/2&#8243;][vc_column_text el_class=&#8221;js-content-apparition&#8221;] After-Movie Partagez les temps forts et les moments cl\u00e9s de votre \u00e9v\u00e9nement sur les m\u00e9dias sociaux. Capturez l\u2019atmosph\u00e8re vibrante gr\u00e2ce \u00e0 des s\u00e9quences \u00e9poustouflantes, combin\u00e9es \u00e0 des interviews et des r\u00e9actions spontan\u00e9es. Montrez ce qui rend votre \u00e9v\u00e9nement si unique tout en incitant d\u2019autres personnes \u00e0 participer [&hellip;]","protected":false},"author":1,"featured_media":0,"parent":0,"menu_order":0,"comment_status":"closed","ping_status":"closed","template":"page-events-coverage.php","meta":{"footnotes":""},"categories":[],"class_list":["post-191","page","type-page","status-publish","hentry"],"yoast_head":"<!-- This site is optimized with the Yoast SEO plugin v27.4 - https:\/\/yoast.com\/product\/yoast-seo-wordpress\/ -->\n<title>Vid\u00e9os d\u2019\u00e9v\u00e9nements | Aftermovies, Streaming &amp; Captations<\/title>\n<meta name=\"description\" content=\"Besoin de vid\u00e9os d\u2019\u00e9v\u00e9nements\u202f? Aftermovies, streaming et captations de conf\u00e9rences qui marquent \u2014 rapides et r\u00e9alis\u00e9es par des pros.\" \/>\n<meta name=\"robots\" content=\"index, follow, max-snippet:-1, max-image-preview:large, max-video-preview:-1\" \/>\n<link rel=\"canonical\" href=\"https:\/\/brusselsvideocrew.com\/fr\/events-coverage\/\" \/>\n<meta property=\"og:locale\" content=\"fr_FR\" \/>\n<meta property=\"og:type\" content=\"article\" \/>\n<meta property=\"og:title\" content=\"Vid\u00e9os d\u2019\u00e9v\u00e9nements | Aftermovies, Streaming &amp; Captations\" \/>\n<meta property=\"og:description\" content=\"Besoin de vid\u00e9os d\u2019\u00e9v\u00e9nements\u202f? Aftermovies, streaming et captations de conf\u00e9rences qui marquent \u2014 rapides et r\u00e9alis\u00e9es par des pros.\" \/>\n<meta property=\"og:url\" content=\"https:\/\/brusselsvideocrew.com\/fr\/events-coverage\/\" \/>\n<meta property=\"og:site_name\" content=\"Brussels Video Crew\" \/>\n<meta property=\"article:publisher\" content=\"https:\/\/www.facebook.com\/brusselsvideocrew\/\" \/>\n<meta property=\"article:modified_time\" content=\"2025-08-06T14:35:08+00:00\" \/>\n<meta property=\"og:image\" content=\"https:\/\/brusselsvideocrew.com\/wp-content\/uploads\/2024\/12\/logo-bvc.png\" \/>\n\t<meta property=\"og:image:width\" content=\"196\" \/>\n\t<meta property=\"og:image:height\" content=\"231\" \/>\n\t<meta property=\"og:image:type\" content=\"image\/png\" \/>\n<script type=\"application\/ld+json\" class=\"yoast-schema-graph\">{\"@context\":\"https:\\\/\\\/schema.org\",\"@graph\":[{\"@type\":\"WebPage\",\"@id\":\"https:\\\/\\\/brusselsvideocrew.com\\\/fr\\\/events-coverage\\\/\",\"url\":\"https:\\\/\\\/brusselsvideocrew.com\\\/fr\\\/events-coverage\\\/\",\"name\":\"Vid\u00e9os d\u2019\u00e9v\u00e9nements | Aftermovies, Streaming & Captations\",\"isPartOf\":{\"@id\":\"https:\\\/\\\/brusselsvideocrew.com\\\/#website\"},\"datePublished\":\"2024-09-06T12:06:29+00:00\",\"dateModified\":\"2025-08-06T14:35:08+00:00\",\"description\":\"Besoin de vid\u00e9os d\u2019\u00e9v\u00e9nements\u202f? Aftermovies, streaming et captations de conf\u00e9rences qui marquent \u2014 rapides et r\u00e9alis\u00e9es par des pros.\",\"breadcrumb\":{\"@id\":\"https:\\\/\\\/brusselsvideocrew.com\\\/fr\\\/events-coverage\\\/#breadcrumb\"},\"inLanguage\":\"fr-FR\",\"potentialAction\":[{\"@type\":\"ReadAction\",\"target\":[\"https:\\\/\\\/brusselsvideocrew.com\\\/fr\\\/events-coverage\\\/\"]}]},{\"@type\":\"BreadcrumbList\",\"@id\":\"https:\\\/\\\/brusselsvideocrew.com\\\/fr\\\/events-coverage\\\/#breadcrumb\",\"itemListElement\":[{\"@type\":\"ListItem\",\"position\":1,\"name\":\"Home\",\"item\":\"https:\\\/\\\/brusselsvideocrew.com\\\/fr\\\/\"},{\"@type\":\"ListItem\",\"position\":2,\"name\":\"Couverture d\u2019\u00e9v\u00e9nement\"}]},{\"@type\":\"WebSite\",\"@id\":\"https:\\\/\\\/brusselsvideocrew.com\\\/#website\",\"url\":\"https:\\\/\\\/brusselsvideocrew.com\\\/\",\"name\":\"Brussels video crew\",\"description\":\"We are a video agency that works for you, we make your ideas work\",\"publisher\":{\"@id\":\"https:\\\/\\\/brusselsvideocrew.com\\\/#organization\"},\"potentialAction\":[{\"@type\":\"SearchAction\",\"target\":{\"@type\":\"EntryPoint\",\"urlTemplate\":\"https:\\\/\\\/brusselsvideocrew.com\\\/?s={search_term_string}\"},\"query-input\":{\"@type\":\"PropertyValueSpecification\",\"valueRequired\":true,\"valueName\":\"search_term_string\"}}],\"inLanguage\":\"fr-FR\"},{\"@type\":\"Organization\",\"@id\":\"https:\\\/\\\/brusselsvideocrew.com\\\/#organization\",\"name\":\"Brussels video crew\",\"url\":\"https:\\\/\\\/brusselsvideocrew.com\\\/\",\"logo\":{\"@type\":\"ImageObject\",\"inLanguage\":\"fr-FR\",\"@id\":\"https:\\\/\\\/brusselsvideocrew.com\\\/#\\\/schema\\\/logo\\\/image\\\/\",\"url\":\"https:\\\/\\\/brusselsvideocrew.com\\\/wp-content\\\/uploads\\\/2024\\\/12\\\/logo-bvc.png\",\"contentUrl\":\"https:\\\/\\\/brusselsvideocrew.com\\\/wp-content\\\/uploads\\\/2024\\\/12\\\/logo-bvc.png\",\"width\":196,\"height\":231,\"caption\":\"Brussels video crew\"},\"image\":{\"@id\":\"https:\\\/\\\/brusselsvideocrew.com\\\/#\\\/schema\\\/logo\\\/image\\\/\"},\"sameAs\":[\"https:\\\/\\\/www.facebook.com\\\/brusselsvideocrew\\\/\",\"https:\\\/\\\/www.instagram.com\\\/brusselsvideocrew\\\/\",\"https:\\\/\\\/vimeo.com\\\/brusselsvideo\",\"https:\\\/\\\/www.linkedin.com\\\/company\\\/brussels-video-crew\\\/?originalSubdomain=be\"]}]}<\/script>\n<!-- \/ Yoast SEO plugin. -->","yoast_head_json":{"title":"Vid\u00e9os d\u2019\u00e9v\u00e9nements | Aftermovies, Streaming & Captations","description":"Besoin de vid\u00e9os d\u2019\u00e9v\u00e9nements\u202f? Aftermovies, streaming et captations de conf\u00e9rences qui marquent \u2014 rapides et r\u00e9alis\u00e9es par des pros.","robots":{"index":"index","follow":"follow","max-snippet":"max-snippet:-1","max-image-preview":"max-image-preview:large","max-video-preview":"max-video-preview:-1"},"canonical":"https:\/\/brusselsvideocrew.com\/fr\/events-coverage\/","og_locale":"fr_FR","og_type":"article","og_title":"Vid\u00e9os d\u2019\u00e9v\u00e9nements | Aftermovies, Streaming & Captations","og_description":"Besoin de vid\u00e9os d\u2019\u00e9v\u00e9nements\u202f? Aftermovies, streaming et captations de conf\u00e9rences qui marquent \u2014 rapides et r\u00e9alis\u00e9es par des pros.","og_url":"https:\/\/brusselsvideocrew.com\/fr\/events-coverage\/","og_site_name":"Brussels Video Crew","article_publisher":"https:\/\/www.facebook.com\/brusselsvideocrew\/","article_modified_time":"2025-08-06T14:35:08+00:00","og_image":[{"width":196,"height":231,"url":"https:\/\/brusselsvideocrew.com\/wp-content\/uploads\/2024\/12\/logo-bvc.png","type":"image\/png"}],"schema":{"@context":"https:\/\/schema.org","@graph":[{"@type":"WebPage","@id":"https:\/\/brusselsvideocrew.com\/fr\/events-coverage\/","url":"https:\/\/brusselsvideocrew.com\/fr\/events-coverage\/","name":"Vid\u00e9os d\u2019\u00e9v\u00e9nements | Aftermovies, Streaming & Captations","isPartOf":{"@id":"https:\/\/brusselsvideocrew.com\/#website"},"datePublished":"2024-09-06T12:06:29+00:00","dateModified":"2025-08-06T14:35:08+00:00","description":"Besoin de vid\u00e9os d\u2019\u00e9v\u00e9nements\u202f? Aftermovies, streaming et captations de conf\u00e9rences qui marquent \u2014 rapides et r\u00e9alis\u00e9es par des pros.","breadcrumb":{"@id":"https:\/\/brusselsvideocrew.com\/fr\/events-coverage\/#breadcrumb"},"inLanguage":"fr-FR","potentialAction":[{"@type":"ReadAction","target":["https:\/\/brusselsvideocrew.com\/fr\/events-coverage\/"]}]},{"@type":"BreadcrumbList","@id":"https:\/\/brusselsvideocrew.com\/fr\/events-coverage\/#breadcrumb","itemListElement":[{"@type":"ListItem","position":1,"name":"Home","item":"https:\/\/brusselsvideocrew.com\/fr\/"},{"@type":"ListItem","position":2,"name":"Couverture d\u2019\u00e9v\u00e9nement"}]},{"@type":"WebSite","@id":"https:\/\/brusselsvideocrew.com\/#website","url":"https:\/\/brusselsvideocrew.com\/","name":"Brussels video crew","description":"We are a video agency that works for you, we make your ideas work","publisher":{"@id":"https:\/\/brusselsvideocrew.com\/#organization"},"potentialAction":[{"@type":"SearchAction","target":{"@type":"EntryPoint","urlTemplate":"https:\/\/brusselsvideocrew.com\/?s={search_term_string}"},"query-input":{"@type":"PropertyValueSpecification","valueRequired":true,"valueName":"search_term_string"}}],"inLanguage":"fr-FR"},{"@type":"Organization","@id":"https:\/\/brusselsvideocrew.com\/#organization","name":"Brussels video crew","url":"https:\/\/brusselsvideocrew.com\/","logo":{"@type":"ImageObject","inLanguage":"fr-FR","@id":"https:\/\/brusselsvideocrew.com\/#\/schema\/logo\/image\/","url":"https:\/\/brusselsvideocrew.com\/wp-content\/uploads\/2024\/12\/logo-bvc.png","contentUrl":"https:\/\/brusselsvideocrew.com\/wp-content\/uploads\/2024\/12\/logo-bvc.png","width":196,"height":231,"caption":"Brussels video crew"},"image":{"@id":"https:\/\/brusselsvideocrew.com\/#\/schema\/logo\/image\/"},"sameAs":["https:\/\/www.facebook.com\/brusselsvideocrew\/","https:\/\/www.instagram.com\/brusselsvideocrew\/","https:\/\/vimeo.com\/brusselsvideo","https:\/\/www.linkedin.com\/company\/brussels-video-crew\/?originalSubdomain=be"]}]}},"_links":{"self":[{"href":"https:\/\/brusselsvideocrew.com\/fr\/wp-json\/wp\/v2\/pages\/191","targetHints":{"allow":["GET"]}}],"collection":[{"href":"https:\/\/brusselsvideocrew.com\/fr\/wp-json\/wp\/v2\/pages"}],"about":[{"href":"https:\/\/brusselsvideocrew.com\/fr\/wp-json\/wp\/v2\/types\/page"}],"author":[{"embeddable":true,"href":"https:\/\/brusselsvideocrew.com\/fr\/wp-json\/wp\/v2\/users\/1"}],"replies":[{"embeddable":true,"href":"https:\/\/brusselsvideocrew.com\/fr\/wp-json\/wp\/v2\/comments?post=191"}],"version-history":[{"count":7,"href":"https:\/\/brusselsvideocrew.com\/fr\/wp-json\/wp\/v2\/pages\/191\/revisions"}],"predecessor-version":[{"id":825,"href":"https:\/\/brusselsvideocrew.com\/fr\/wp-json\/wp\/v2\/pages\/191\/revisions\/825"}],"wp:attachment":[{"href":"https:\/\/brusselsvideocrew.com\/fr\/wp-json\/wp\/v2\/media?parent=191"}],"wp:term":[{"taxonomy":"category","embeddable":true,"href":"https:\/\/brusselsvideocrew.com\/fr\/wp-json\/wp\/v2\/categories?post=191"}],"curies":[{"name":"wp","href":"https:\/\/api.w.org\/{rel}","templated":true}]}}