{"id":171,"date":"2024-09-06T13:38:49","date_gmt":"2024-09-06T11:38:49","guid":{"rendered":"https:\/\/bvc.akimedia.eu\/video-production\/"},"modified":"2025-08-04T15:39:26","modified_gmt":"2025-08-04T13:39:26","slug":"video-production","status":"publish","type":"page","link":"https:\/\/brusselsvideocrew.com\/fr\/video-production\/","title":{"rendered":"Vid\u00e9o Production"},"content":{"rendered":"<div class=\"wpb-content-wrapper\"><p>[vc_row content_placement=&#8221;bottom&#8221; el_class=&#8221;right-decalage js-sub-page container-width block-margin-bottom&#8221; css=&#8221;.vc_custom_1734439107960{margin-bottom: 100px !important;}&#8221;][vc_column width=&#8221;1\/2&#8243;]<div class=\"sm-mb3 md-mb0 \" id=\"\" ><div class=\"video-play js-video-item\" data-video-link=\"https:\/\/bvc.akimedia.eu\/wp-content\/uploads\/2024\/10\/BVC_Web2024-Brandmarketing_02_COMPR.mp4\"><img decoding=\"async\" class=\"thumb-video\" src=\"https:\/\/brusselsvideocrew.com\/wp-content\/uploads\/2024\/10\/Screenshot-2024-10-30-at-16.33.56.png\" \/><\/div><\/div>[\/vc_column][vc_column width=&#8221;1\/2&#8243; el_class=&#8221;js-content-apparition&#8221;][vc_column_text]<\/p>\n<h2>Films d\u2019entreprise &amp; de marque<\/h2>\n<ul>\n<li><strong><span style=\"color: #ffffff;\">Films d&#8217;entreprise<\/span><br \/>\n<\/strong> Pr\u00e9sentez votre entreprise &amp; vos services au monde entier..<\/li>\n<li><strong><span style=\"color: #ffffff;\">Vid\u00e9os de marque de l\u2019entreprise <\/span><br \/>\n<\/strong> Pr\u00e9sentez la mission &amp; les valeurs de votre marque pour inspirer.<\/li>\n<li><strong><span style=\"color: #ffffff;\">M\u00e9dias sociaux<\/span><br \/>\n<\/strong> \u00c9largissez votre port\u00e9e gr\u00e2ce \u00e0 du contenu captivant.<\/li>\n<\/ul>\n<p>[\/vc_column_text][\/vc_column][\/vc_row][vc_row content_placement=&#8221;bottom&#8221; el_class=&#8221;left-decalage js-sub-page container-width block-margin-bottom&#8221; css=&#8221;.vc_custom_1734439112055{margin-bottom: 100px !important;}&#8221;][vc_column width=&#8221;1\/2&#8243; el_class=&#8221;js-content-apparition&#8221;][vc_column_text]<\/p>\n<h2 style=\"text-align: right;\">Communication interne<\/h2>\n<ul>\n<li style=\"text-align: right;\"><strong><span style=\"color: #ffffff;\">\u00a0Communication de leadership<\/span><br \/>\n<\/strong> Transmettez des messages qui int\u00e9ressent et inspirent votre \u00e9quipe.<\/li>\n<li style=\"text-align: right;\"><strong><span style=\"color: #ffffff;\">Vid\u00e9os de formation &amp; onboarding<\/span><br \/>\n<\/strong><span style=\"font-weight: 400;\">Int\u00e9grez les nouvelles recrues et soutenez-les tout au long de leur carri\u00e8re.<\/span><\/li>\n<li style=\"text-align: right;\"><strong><span style=\"color: #ffffff;\">T\u00e9moignages<\/span><br \/>\n<\/strong> Renforcez la confiance et la motivation gr\u00e2ce \u00e0 des success stories convaincantes.<\/li>\n<\/ul>\n<p>[\/vc_column_text][\/vc_column][vc_column width=&#8221;1\/2&#8243;]<div class=\"sm-mb3 md-mb0 \" id=\"\" ><div class=\"video-play js-video-item\" data-video-link=\"https:\/\/bvc.akimedia.eu\/wp-content\/uploads\/2024\/10\/BVC_Web2024-Training-and-internal-communication_03_COMPR.mp4\"><img decoding=\"async\" class=\"thumb-video\" src=\"https:\/\/brusselsvideocrew.com\/wp-content\/uploads\/2024\/10\/Screenshot-2024-10-30-at-16.35.00.png\" \/><\/div><\/div>[\/vc_column][\/vc_row][vc_row content_placement=&#8221;bottom&#8221; el_class=&#8221;right-decalage js-sub-page container-width block-margin-bottom&#8221; css=&#8221;.vc_custom_1734439116518{margin-bottom: 100px !important;}&#8221;][vc_column width=&#8221;1\/2&#8243;]<div class=\"sm-mb3 md-mb0 \" id=\"\" ><div class=\"video-play js-video-item\" data-video-link=\"https:\/\/bvc.akimedia.eu\/wp-content\/uploads\/2025\/01\/BVC-Web2024-ANIMATION-04_COMPRESSED.mp4\"><img decoding=\"async\" class=\"thumb-video\" src=\"https:\/\/brusselsvideocrew.com\/wp-content\/uploads\/2025\/01\/Vignette-Animation-1.png\" \/><\/div><\/div>[\/vc_column][vc_column width=&#8221;1\/2&#8243; el_class=&#8221;js-content-apparition&#8221;][vc_column_text]<\/p>\n<h2>Vid\u00e9os d&#8217;animation<\/h2>\n<ul>\n<li><strong><span style=\"color: #ffffff;\">Vid\u00e9os didactiques<\/span><br \/>\n<\/strong>Simplifiez des id\u00e9es complexes avec un contenu anim\u00e9 clair et efficace.<\/li>\n<li><strong><span style=\"color: #ffffff;\">Motion Design<\/span><br \/>\n<\/strong> Am\u00e9liorez vos vid\u00e9os existantes gr\u00e2ce \u00e0 un contenu anim\u00e9 dynamique et interactif.<\/li>\n<li><strong><span style=\"color: #ffffff;\">Tutoriels produits<\/span><br \/>\n<\/strong> Cr\u00e9ez des vid\u00e9os qui simplifient la compr\u00e9hension pour votre audience.<\/li>\n<\/ul>\n<p>[\/vc_column_text][\/vc_column][\/vc_row][vc_row][vc_column]<div class=\"video-prod-title\" id=\"\" ><h2 class=\"title -secondary m0 mb3 center animate-about-title\"><span class=\"reveal-text js-title-apparition\">D\u00e9couvrez notre processus de production<\/span><\/h2><\/div><div class=\"timeline-process js-horizontal-timeline timeline\" id=\"\">\n\t\t    \t<div class=\"block first-el\">\n\t\t    \t\t<span class=\"timeline-line\"><\/span>\n\t\t    \t<\/div><div class=\"block first-element timeline-el js-timeline-block mb4\">\n\t\t                \t<div class=\"square up\">\n\t\t                        <h2 class=\"text -process -left long-title m0 mb2\">D\u00e9marrage du projet<\/h2>\n\t\t                        <p class=\"text -process-blue m0 mt1\">Rencontrons-nous pour discuter des d\u00e9tails :<br \/>\nobjectifs, \u00e9l\u00e9ments cl\u00e9s et planning<\/p>\n\t\t                   <\/div>\n\n\t\t                <div class=\"circle flex items-center justify-center mb4\">\n\t\t                    <div style=\"background-image: url(https:\/\/brusselsvideocrew.com\/wp-content\/uploads\/2024\/11\/annie-spratt-hCb3lIB8L8E-unsplash.jpg);\" class=\"timeline-icone\"><\/div><p class=\"text -process number-process m0\">1<\/p><h2 class=\"text -process short-title m0 mb2\">Rencontre<\/h2>\n\t\t                <\/div>\n\t\t                <div class=\"line-vertical\"><\/div>\n\t\t            <\/div><div class=\"block first-element timeline-el js-timeline-block mb4\">\n\t\t                \t<div class=\"square up\">\n\t\t                        <h2 class=\"text -process -left long-title m0 mb2\">Sc\u00e9narisation<\/h2>\n\t\t                        <p class=\"text -process-blue m0 mt1\">\u00c0 partir de votre id\u00e9e, nous \u00e9laborons un<br \/>\nsc\u00e9nario de qualit\u00e9, adapt\u00e9 \u00e0 vos objectifs<\/p>\n\t\t                   <\/div>\n\n\t\t                <div class=\"circle flex items-center justify-center mb4\">\n\t\t                    <div style=\"background-image: url(https:\/\/brusselsvideocrew.com\/wp-content\/uploads\/2024\/11\/sweet-life-mgfG5W0c8tU-unsplash.jpg);\" class=\"timeline-icone\"><\/div><p class=\"text -process number-process m0\">2<\/p><h2 class=\"text -process short-title m0 mb2\">\u00c9criture<\/h2>\n\t\t                <\/div>\n\t\t                <div class=\"line-vertical\"><\/div>\n\t\t            <\/div><div class=\"block first-element timeline-el js-timeline-block mb4\">\n\t\t                \t<div class=\"square up\">\n\t\t                        <h2 class=\"text -process -left long-title m0 mb2\">Pr\u00e9production<\/h2>\n\t\t                        <p class=\"text -process-blue m0 mt1\">D\u00e9tendez-vous, pendant que<br \/>\nnous g\u00e9rons tous les aspects pratiques :<br \/>\nplanning, casting et \u00e9quipe<\/p>\n\t\t                   <\/div>\n\n\t\t                <div class=\"circle flex items-center justify-center mb4\">\n\t\t                    <div style=\"background-image: url(https:\/\/brusselsvideocrew.com\/wp-content\/uploads\/2024\/11\/austin-distel-wD1LRb9OeEo-unsplash.jpg);\" class=\"timeline-icone\"><\/div><p class=\"text -process number-process m0\">3<\/p><h2 class=\"text -process short-title m0 mb2\">Planification<\/h2>\n\t\t                <\/div>\n\t\t                <div class=\"line-vertical\"><\/div>\n\t\t            <\/div><div class=\"block first-element timeline-el js-timeline-block mb4\">\n\t\t                \t<div class=\"square up\">\n\t\t                        <h2 class=\"text -process -left long-title m0 mb2\">Production<\/h2>\n\t\t                        <p class=\"text -process-blue m0 mt1\">Lumi\u00e8res, cam\u00e9ra, action !<br \/>\nVos id\u00e9es prennent vie sur le plateau<\/p>\n\t\t                   <\/div>\n\n\t\t                <div class=\"circle flex items-center justify-center mb4\">\n\t\t                    <div style=\"background-image: url(https:\/\/brusselsvideocrew.com\/wp-content\/uploads\/2024\/11\/chris-murray-YvPxyGzaFJ4-unsplash.jpg);\" class=\"timeline-icone\"><\/div><p class=\"text -process number-process m0\">4<\/p><h2 class=\"text -process short-title m0 mb2\">Film<\/h2>\n\t\t                <\/div>\n\t\t                <div class=\"line-vertical\"><\/div>\n\t\t            <\/div><div class=\"block first-element timeline-el js-timeline-block mb4\">\n\t\t                \t<div class=\"square up\">\n\t\t                        <h2 class=\"text -process -left long-title m0 mb2\">Post-production<\/h2>\n\t\t                        <p class=\"text -process-blue m0 mt1\">Votre r\u00e9cit prend forme tandis que nous peaufinons les s\u00e9quences, am\u00e9liorons le son et ajoutons des graphiques et des animations. Toujours guid\u00e9s par votre feedback !<\/p>\n\t\t                   <\/div>\n\n\t\t                <div class=\"circle flex items-center justify-center mb4\">\n\t\t                    <div style=\"background-image: url(https:\/\/brusselsvideocrew.com\/wp-content\/uploads\/2024\/11\/onur-binay-O2-EZNGZIyk-unsplash.jpg);\" class=\"timeline-icone\"><\/div><p class=\"text -process number-process m0\">5<\/p><h2 class=\"text -process short-title m0 mb2\">Montage<\/h2>\n\t\t                <\/div>\n\t\t                <div class=\"line-vertical\"><\/div>\n\t\t            <\/div><div class=\"block first-element timeline-el js-timeline-block mb4\">\n\t\t                \t<div class=\"square up\">\n\t\t                        <h2 class=\"text -process -left long-title m0 mb2\">Livraison<\/h2>\n\t\t                        <p class=\"text -process-blue m0 mt1\">Nous v\u00e9rifions, finalisons et livrons votre vid\u00e9o.<br \/>\nPr\u00eate pour impressionner et marquer les esprits !<\/p>\n\t\t                   <\/div>\n\n\t\t                <div class=\"circle flex items-center justify-center mb4\">\n\t\t                    <div style=\"background-image: url(https:\/\/brusselsvideocrew.com\/wp-content\/uploads\/2024\/11\/voice-video-YBa53d2EGRk-unsplash.jpg);\" class=\"timeline-icone\"><\/div><p class=\"text -process number-process m0\">6<\/p><h2 class=\"text -process short-title m0 mb2\">D\u00e9couverte<\/h2>\n\t\t                <\/div>\n\t\t                <div class=\"line-vertical\"><\/div>\n\t\t            <\/div><\/div>[\/vc_column][\/vc_row]<\/p>\n<\/div>","protected":false},"excerpt":{"rendered":"[vc_row content_placement=&#8221;bottom&#8221; el_class=&#8221;right-decalage js-sub-page container-width block-margin-bottom&#8221; css=&#8221;.vc_custom_1734439107960{margin-bottom: 100px !important;}&#8221;][vc_column width=&#8221;1\/2&#8243;][\/vc_column][vc_column width=&#8221;1\/2&#8243; el_class=&#8221;js-content-apparition&#8221;][vc_column_text] Films d\u2019entreprise &amp; de marque Films d&#8217;entreprise Pr\u00e9sentez votre entreprise &amp; vos services au monde entier.. Vid\u00e9os de marque de l\u2019entreprise Pr\u00e9sentez la mission &amp; les valeurs de votre marque pour inspirer. M\u00e9dias sociaux \u00c9largissez votre port\u00e9e gr\u00e2ce \u00e0 du contenu captivant. [\/vc_column_text][\/vc_column][\/vc_row][vc_row [&hellip;]","protected":false},"author":1,"featured_media":0,"parent":0,"menu_order":0,"comment_status":"closed","ping_status":"open","template":"page-video-production.php","meta":{"footnotes":""},"categories":[],"class_list":["post-171","page","type-page","status-publish","hentry"],"yoast_head":"<!-- This site is optimized with the Yoast SEO plugin v27.4 - https:\/\/yoast.com\/product\/yoast-seo-wordpress\/ -->\n<title>Vid\u00e9os d\u2019Entreprise \u00e0 Bruxelles | Pr\u00e9sentation &amp; Produit<\/title>\n<meta name=\"description\" content=\"Pr\u00e9sentez votre entreprise ou lancez un nouveau produit avec une vid\u00e9o percutante. De l\u2019id\u00e9e au r\u00e9sultat \u2014 avec notre accompagnement flexible\" \/>\n<meta name=\"robots\" content=\"index, follow, max-snippet:-1, max-image-preview:large, max-video-preview:-1\" \/>\n<link rel=\"canonical\" href=\"https:\/\/brusselsvideocrew.com\/fr\/video-production\/\" \/>\n<meta property=\"og:locale\" content=\"fr_FR\" \/>\n<meta property=\"og:type\" content=\"article\" \/>\n<meta property=\"og:title\" content=\"Vid\u00e9os d\u2019Entreprise \u00e0 Bruxelles | Pr\u00e9sentation &amp; Produit\" \/>\n<meta property=\"og:description\" content=\"Pr\u00e9sentez votre entreprise ou lancez un nouveau produit avec une vid\u00e9o percutante. De l\u2019id\u00e9e au r\u00e9sultat \u2014 avec notre accompagnement flexible\" \/>\n<meta property=\"og:url\" content=\"https:\/\/brusselsvideocrew.com\/fr\/video-production\/\" \/>\n<meta property=\"og:site_name\" content=\"Brussels Video Crew\" \/>\n<meta property=\"article:publisher\" content=\"https:\/\/www.facebook.com\/brusselsvideocrew\/\" \/>\n<meta property=\"article:modified_time\" content=\"2025-08-04T13:39:26+00:00\" \/>\n<meta property=\"og:image\" content=\"https:\/\/brusselsvideocrew.com\/wp-content\/uploads\/2024\/12\/logo-bvc.png\" \/>\n\t<meta property=\"og:image:width\" content=\"196\" \/>\n\t<meta property=\"og:image:height\" content=\"231\" \/>\n\t<meta property=\"og:image:type\" content=\"image\/png\" \/>\n<script type=\"application\/ld+json\" class=\"yoast-schema-graph\">{\"@context\":\"https:\\\/\\\/schema.org\",\"@graph\":[{\"@type\":\"WebPage\",\"@id\":\"https:\\\/\\\/brusselsvideocrew.com\\\/fr\\\/video-production\\\/\",\"url\":\"https:\\\/\\\/brusselsvideocrew.com\\\/fr\\\/video-production\\\/\",\"name\":\"Vid\u00e9os d\u2019Entreprise \u00e0 Bruxelles | Pr\u00e9sentation & Produit\",\"isPartOf\":{\"@id\":\"https:\\\/\\\/brusselsvideocrew.com\\\/#website\"},\"datePublished\":\"2024-09-06T11:38:49+00:00\",\"dateModified\":\"2025-08-04T13:39:26+00:00\",\"description\":\"Pr\u00e9sentez votre entreprise ou lancez un nouveau produit avec une vid\u00e9o percutante. De l\u2019id\u00e9e au r\u00e9sultat \u2014 avec notre accompagnement flexible\",\"breadcrumb\":{\"@id\":\"https:\\\/\\\/brusselsvideocrew.com\\\/fr\\\/video-production\\\/#breadcrumb\"},\"inLanguage\":\"fr-FR\",\"potentialAction\":[{\"@type\":\"ReadAction\",\"target\":[\"https:\\\/\\\/brusselsvideocrew.com\\\/fr\\\/video-production\\\/\"]}]},{\"@type\":\"BreadcrumbList\",\"@id\":\"https:\\\/\\\/brusselsvideocrew.com\\\/fr\\\/video-production\\\/#breadcrumb\",\"itemListElement\":[{\"@type\":\"ListItem\",\"position\":1,\"name\":\"Home\",\"item\":\"https:\\\/\\\/brusselsvideocrew.com\\\/fr\\\/\"},{\"@type\":\"ListItem\",\"position\":2,\"name\":\"Vid\u00e9o Production\"}]},{\"@type\":\"WebSite\",\"@id\":\"https:\\\/\\\/brusselsvideocrew.com\\\/#website\",\"url\":\"https:\\\/\\\/brusselsvideocrew.com\\\/\",\"name\":\"Brussels video crew\",\"description\":\"We are a video agency that works for you, we make your ideas work\",\"publisher\":{\"@id\":\"https:\\\/\\\/brusselsvideocrew.com\\\/#organization\"},\"potentialAction\":[{\"@type\":\"SearchAction\",\"target\":{\"@type\":\"EntryPoint\",\"urlTemplate\":\"https:\\\/\\\/brusselsvideocrew.com\\\/?s={search_term_string}\"},\"query-input\":{\"@type\":\"PropertyValueSpecification\",\"valueRequired\":true,\"valueName\":\"search_term_string\"}}],\"inLanguage\":\"fr-FR\"},{\"@type\":\"Organization\",\"@id\":\"https:\\\/\\\/brusselsvideocrew.com\\\/#organization\",\"name\":\"Brussels video crew\",\"url\":\"https:\\\/\\\/brusselsvideocrew.com\\\/\",\"logo\":{\"@type\":\"ImageObject\",\"inLanguage\":\"fr-FR\",\"@id\":\"https:\\\/\\\/brusselsvideocrew.com\\\/#\\\/schema\\\/logo\\\/image\\\/\",\"url\":\"https:\\\/\\\/brusselsvideocrew.com\\\/wp-content\\\/uploads\\\/2024\\\/12\\\/logo-bvc.png\",\"contentUrl\":\"https:\\\/\\\/brusselsvideocrew.com\\\/wp-content\\\/uploads\\\/2024\\\/12\\\/logo-bvc.png\",\"width\":196,\"height\":231,\"caption\":\"Brussels video crew\"},\"image\":{\"@id\":\"https:\\\/\\\/brusselsvideocrew.com\\\/#\\\/schema\\\/logo\\\/image\\\/\"},\"sameAs\":[\"https:\\\/\\\/www.facebook.com\\\/brusselsvideocrew\\\/\",\"https:\\\/\\\/www.instagram.com\\\/brusselsvideocrew\\\/\",\"https:\\\/\\\/vimeo.com\\\/brusselsvideo\",\"https:\\\/\\\/www.linkedin.com\\\/company\\\/brussels-video-crew\\\/?originalSubdomain=be\"]}]}<\/script>\n<!-- \/ Yoast SEO plugin. -->","yoast_head_json":{"title":"Vid\u00e9os d\u2019Entreprise \u00e0 Bruxelles | Pr\u00e9sentation & Produit","description":"Pr\u00e9sentez votre entreprise ou lancez un nouveau produit avec une vid\u00e9o percutante. De l\u2019id\u00e9e au r\u00e9sultat \u2014 avec notre accompagnement flexible","robots":{"index":"index","follow":"follow","max-snippet":"max-snippet:-1","max-image-preview":"max-image-preview:large","max-video-preview":"max-video-preview:-1"},"canonical":"https:\/\/brusselsvideocrew.com\/fr\/video-production\/","og_locale":"fr_FR","og_type":"article","og_title":"Vid\u00e9os d\u2019Entreprise \u00e0 Bruxelles | Pr\u00e9sentation & Produit","og_description":"Pr\u00e9sentez votre entreprise ou lancez un nouveau produit avec une vid\u00e9o percutante. De l\u2019id\u00e9e au r\u00e9sultat \u2014 avec notre accompagnement flexible","og_url":"https:\/\/brusselsvideocrew.com\/fr\/video-production\/","og_site_name":"Brussels Video Crew","article_publisher":"https:\/\/www.facebook.com\/brusselsvideocrew\/","article_modified_time":"2025-08-04T13:39:26+00:00","og_image":[{"width":196,"height":231,"url":"https:\/\/brusselsvideocrew.com\/wp-content\/uploads\/2024\/12\/logo-bvc.png","type":"image\/png"}],"schema":{"@context":"https:\/\/schema.org","@graph":[{"@type":"WebPage","@id":"https:\/\/brusselsvideocrew.com\/fr\/video-production\/","url":"https:\/\/brusselsvideocrew.com\/fr\/video-production\/","name":"Vid\u00e9os d\u2019Entreprise \u00e0 Bruxelles | Pr\u00e9sentation & Produit","isPartOf":{"@id":"https:\/\/brusselsvideocrew.com\/#website"},"datePublished":"2024-09-06T11:38:49+00:00","dateModified":"2025-08-04T13:39:26+00:00","description":"Pr\u00e9sentez votre entreprise ou lancez un nouveau produit avec une vid\u00e9o percutante. De l\u2019id\u00e9e au r\u00e9sultat \u2014 avec notre accompagnement flexible","breadcrumb":{"@id":"https:\/\/brusselsvideocrew.com\/fr\/video-production\/#breadcrumb"},"inLanguage":"fr-FR","potentialAction":[{"@type":"ReadAction","target":["https:\/\/brusselsvideocrew.com\/fr\/video-production\/"]}]},{"@type":"BreadcrumbList","@id":"https:\/\/brusselsvideocrew.com\/fr\/video-production\/#breadcrumb","itemListElement":[{"@type":"ListItem","position":1,"name":"Home","item":"https:\/\/brusselsvideocrew.com\/fr\/"},{"@type":"ListItem","position":2,"name":"Vid\u00e9o Production"}]},{"@type":"WebSite","@id":"https:\/\/brusselsvideocrew.com\/#website","url":"https:\/\/brusselsvideocrew.com\/","name":"Brussels video crew","description":"We are a video agency that works for you, we make your ideas work","publisher":{"@id":"https:\/\/brusselsvideocrew.com\/#organization"},"potentialAction":[{"@type":"SearchAction","target":{"@type":"EntryPoint","urlTemplate":"https:\/\/brusselsvideocrew.com\/?s={search_term_string}"},"query-input":{"@type":"PropertyValueSpecification","valueRequired":true,"valueName":"search_term_string"}}],"inLanguage":"fr-FR"},{"@type":"Organization","@id":"https:\/\/brusselsvideocrew.com\/#organization","name":"Brussels video crew","url":"https:\/\/brusselsvideocrew.com\/","logo":{"@type":"ImageObject","inLanguage":"fr-FR","@id":"https:\/\/brusselsvideocrew.com\/#\/schema\/logo\/image\/","url":"https:\/\/brusselsvideocrew.com\/wp-content\/uploads\/2024\/12\/logo-bvc.png","contentUrl":"https:\/\/brusselsvideocrew.com\/wp-content\/uploads\/2024\/12\/logo-bvc.png","width":196,"height":231,"caption":"Brussels video crew"},"image":{"@id":"https:\/\/brusselsvideocrew.com\/#\/schema\/logo\/image\/"},"sameAs":["https:\/\/www.facebook.com\/brusselsvideocrew\/","https:\/\/www.instagram.com\/brusselsvideocrew\/","https:\/\/vimeo.com\/brusselsvideo","https:\/\/www.linkedin.com\/company\/brussels-video-crew\/?originalSubdomain=be"]}]}},"_links":{"self":[{"href":"https:\/\/brusselsvideocrew.com\/fr\/wp-json\/wp\/v2\/pages\/171","targetHints":{"allow":["GET"]}}],"collection":[{"href":"https:\/\/brusselsvideocrew.com\/fr\/wp-json\/wp\/v2\/pages"}],"about":[{"href":"https:\/\/brusselsvideocrew.com\/fr\/wp-json\/wp\/v2\/types\/page"}],"author":[{"embeddable":true,"href":"https:\/\/brusselsvideocrew.com\/fr\/wp-json\/wp\/v2\/users\/1"}],"replies":[{"embeddable":true,"href":"https:\/\/brusselsvideocrew.com\/fr\/wp-json\/wp\/v2\/comments?post=171"}],"version-history":[{"count":25,"href":"https:\/\/brusselsvideocrew.com\/fr\/wp-json\/wp\/v2\/pages\/171\/revisions"}],"predecessor-version":[{"id":704,"href":"https:\/\/brusselsvideocrew.com\/fr\/wp-json\/wp\/v2\/pages\/171\/revisions\/704"}],"wp:attachment":[{"href":"https:\/\/brusselsvideocrew.com\/fr\/wp-json\/wp\/v2\/media?parent=171"}],"wp:term":[{"taxonomy":"category","embeddable":true,"href":"https:\/\/brusselsvideocrew.com\/fr\/wp-json\/wp\/v2\/categories?post=171"}],"curies":[{"name":"wp","href":"https:\/\/api.w.org\/{rel}","templated":true}]}}